{"id":1682,"date":"2025-06-18T09:08:26","date_gmt":"2025-06-18T07:08:26","guid":{"rendered":"https:\/\/powercare.no\/gina-myhrer\/"},"modified":"2025-11-11T08:20:31","modified_gmt":"2025-11-11T07:20:31","slug":"gina-myhrer","status":"publish","type":"page","link":"https:\/\/powercare.no\/sv\/gina-myhrer\/","title":{"rendered":"Gina Myhrer"},"content":{"rendered":"<div class=\"fusion-fullwidth fullwidth-box fusion-builder-row-1 fusion-flex-container nonhundred-percent-fullwidth non-hundred-percent-height-scrolling\" style=\"--awb-background-position:left top;--awb-border-sizes-top:0px;--awb-border-sizes-bottom:0px;--awb-border-sizes-left:0px;--awb-border-sizes-right:0px;--awb-border-radius-top-left:0px;--awb-border-radius-top-right:0px;--awb-border-radius-bottom-right:0px;--awb-border-radius-bottom-left:0px;--awb-padding-top:90px;--awb-padding-bottom:90px;--awb-padding-top-medium:60px;--awb-padding-bottom-medium:60px;--awb-margin-bottom-medium:0px;--awb-margin-bottom-small:0px;--awb-background-color:var(--awb-color1);--awb-flex-wrap:wrap;\" ><div class=\"fusion-builder-row fusion-row fusion-flex-align-items-center fusion-flex-justify-content-center fusion-flex-content-wrap\" style=\"max-width:1248px;margin-left: calc(-4% \/ 2 );margin-right: calc(-4% \/ 2 );\"><div class=\"fusion-layout-column fusion_builder_column fusion-builder-column-0 fusion_builder_column_3_4 3_4 fusion-flex-column fusion-flex-align-self-flex-start fusion-column-no-min-height\" style=\"--awb-bg-blend:overlay;--awb-bg-size:cover;--awb-width-large:75%;--awb-margin-top-large:0px;--awb-spacing-right-large:2.56%;--awb-margin-bottom-large:0px;--awb-spacing-left-large:2.56%;--awb-width-medium:80%;--awb-spacing-right-medium:2.4%;--awb-spacing-left-medium:2.4%;--awb-width-small:100%;--awb-spacing-right-small:1.92%;--awb-spacing-left-small:1.92%;\"><div class=\"fusion-column-wrapper fusion-flex-justify-content-flex-start fusion-content-layout-column\"><div class=\"fusion-text fusion-text-1\"><h2>Erfaren bemanningskonsult<\/h2>\n<p>Jag har l\u00e5ng erfarenhet fr\u00e5n bemanning- och rekryteringsbranschen. Jag har god insikt i vikten av kvalitetss\u00e4kring och internkontroll i alla led av bemanningsprocessen.<\/p>\n<p>Genom min karri\u00e4r har jag skaffat mig bred kompetens inom operativ drift, fr\u00e5n rekryteringsprocesser och personalf\u00f6rvaltning till administration och efterlevnad av relevant lagstiftning.<\/p>\n<p>Jag har ocks\u00e5 l\u00f6pande uppdaterat min kompetens inom arbetsr\u00e4tt och personskydd (GDPR).<\/p>\n<p>Min bakgrund inkluderar \u00e4ven praktisk erfarenhet inom h\u00e4lso- och omsorgssektorn. Detta perspektiv hj\u00e4lper mig att identifiera och matcha r\u00e4tt kompetens med specifika behov.<\/p>\n<\/div><div class=\"fusion-builder-row fusion-builder-row-inner fusion-row fusion-flex-align-items-center fusion-flex-justify-content-center fusion-flex-content-wrap\" style=\"--awb-flex-grow:0;--awb-flex-grow-medium:0;--awb-flex-grow-small:0;--awb-flex-shrink:0;--awb-flex-shrink-medium:0;--awb-flex-shrink-small:0;width:104% !important;max-width:104% !important;margin-left: calc(-4% \/ 2 );margin-right: calc(-4% \/ 2 );\"><div class=\"fusion-layout-column fusion_builder_column_inner fusion-builder-nested-column-0 fusion_builder_column_inner_1_2 1_2 fusion-flex-column fusion-flex-align-self-center\" style=\"--awb-bg-size:cover;--awb-width-large:50%;--awb-margin-top-large:0px;--awb-spacing-right-large:3.84%;--awb-margin-bottom-large:20px;--awb-spacing-left-large:3.84%;--awb-width-medium:50%;--awb-order-medium:0;--awb-spacing-right-medium:3.84%;--awb-spacing-left-medium:3.84%;--awb-width-small:100%;--awb-order-small:0;--awb-spacing-right-small:1.92%;--awb-spacing-left-small:1.92%;\"><div class=\"fusion-column-wrapper fusion-column-has-shadow fusion-flex-justify-content-flex-start fusion-content-layout-column\"><div class=\"fusion-image-element \" style=\"--awb-caption-title-font-family:var(--h2_typography-font-family);--awb-caption-title-font-weight:var(--h2_typography-font-weight);--awb-caption-title-font-style:var(--h2_typography-font-style);--awb-caption-title-size:var(--h2_typography-font-size);--awb-caption-title-transform:var(--h2_typography-text-transform);--awb-caption-title-line-height:var(--h2_typography-line-height);--awb-caption-title-letter-spacing:var(--h2_typography-letter-spacing);\"><span class=\" fusion-imageframe imageframe-none imageframe-1 hover-type-none fusion-animated\" data-animationType=\"fadeInLeft\" data-animationDuration=\"0.5\" data-animationOffset=\"top-into-view\"><img decoding=\"async\" width=\"1200\" height=\"1050\" alt=\"Bli vikarie\" title=\"Bli vikarie\" src=\"https:\/\/powercare.no\/wp-content\/uploads\/2025\/06\/Gina-1.webp\" class=\"img-responsive wp-image-1687\" srcset=\"https:\/\/powercare.no\/wp-content\/uploads\/2025\/06\/Gina-1-200x175.webp 200w, https:\/\/powercare.no\/wp-content\/uploads\/2025\/06\/Gina-1-400x350.webp 400w, https:\/\/powercare.no\/wp-content\/uploads\/2025\/06\/Gina-1-600x525.webp 600w, https:\/\/powercare.no\/wp-content\/uploads\/2025\/06\/Gina-1-800x700.webp 800w, https:\/\/powercare.no\/wp-content\/uploads\/2025\/06\/Gina-1.webp 1200w\" sizes=\"(max-width: 640px) 100vw, 600px\" \/><\/span><\/div><\/div><\/div><div class=\"fusion-layout-column fusion_builder_column_inner fusion-builder-nested-column-1 fusion_builder_column_inner_1_2 1_2 fusion-flex-column\" style=\"--awb-bg-size:cover;--awb-width-large:50%;--awb-margin-top-large:0px;--awb-spacing-right-large:3.84%;--awb-margin-bottom-large:20px;--awb-spacing-left-large:3.84%;--awb-width-medium:50%;--awb-order-medium:0;--awb-spacing-right-medium:3.84%;--awb-spacing-left-medium:3.84%;--awb-width-small:100%;--awb-order-small:0;--awb-spacing-right-small:1.92%;--awb-spacing-left-small:1.92%;\"><div class=\"fusion-column-wrapper fusion-column-has-shadow fusion-flex-justify-content-flex-start fusion-content-layout-column\"><div class=\"fusion-image-element \" style=\"--awb-caption-title-font-family:var(--h2_typography-font-family);--awb-caption-title-font-weight:var(--h2_typography-font-weight);--awb-caption-title-font-style:var(--h2_typography-font-style);--awb-caption-title-size:var(--h2_typography-font-size);--awb-caption-title-transform:var(--h2_typography-text-transform);--awb-caption-title-line-height:var(--h2_typography-line-height);--awb-caption-title-letter-spacing:var(--h2_typography-letter-spacing);\"><span class=\" fusion-imageframe imageframe-none imageframe-2 hover-type-none fusion-animated\" data-animationType=\"fadeInLeft\" data-animationDuration=\"0.5\" data-animationDelay=\"0.5\" data-animationOffset=\"top-into-view\"><img decoding=\"async\" width=\"1200\" height=\"1050\" alt=\"Bli vikarie\" title=\"Bli vikarie\" src=\"https:\/\/powercare.no\/wp-content\/uploads\/2025\/06\/Gina-2.webp\" class=\"img-responsive wp-image-1688\" srcset=\"https:\/\/powercare.no\/wp-content\/uploads\/2025\/06\/Gina-2-200x175.webp 200w, https:\/\/powercare.no\/wp-content\/uploads\/2025\/06\/Gina-2-400x350.webp 400w, https:\/\/powercare.no\/wp-content\/uploads\/2025\/06\/Gina-2-600x525.webp 600w, https:\/\/powercare.no\/wp-content\/uploads\/2025\/06\/Gina-2-800x700.webp 800w, https:\/\/powercare.no\/wp-content\/uploads\/2025\/06\/Gina-2.webp 1200w\" sizes=\"(max-width: 640px) 100vw, 600px\" \/><\/span><\/div><\/div><\/div><\/div><div class=\"fusion-title title fusion-title-1 fusion-sep-none fusion-title-text fusion-title-size-two\" style=\"--awb-text-color:var(--awb-color8);--awb-margin-top-small:0px;--awb-margin-right-small:0px;--awb-margin-bottom-small:10px;--awb-margin-left-small:0px;\"><h2 class=\"fusion-title-heading title-heading-left fusion-responsive-typography-calculated\" style=\"margin:0;--fontSize:40;line-height:var(--awb-typography1-line-height);\"><h2>Skapa och st\u00e4rka stabila relationer med kunder och vikarier<\/h2><\/h2><\/div><div class=\"fusion-text fusion-text-2\" style=\"--awb-font-size:18px;--awb-line-height:var(--awb-typography4-line-height);--awb-letter-spacing:var(--awb-typography4-letter-spacing);--awb-text-transform:var(--awb-typography4-text-transform);--awb-text-font-family:var(--awb-typography4-font-family);--awb-text-font-weight:var(--awb-typography4-font-weight);--awb-text-font-style:var(--awb-typography4-font-style);\"><p>Min roll som bemanningskonsult f\u00f6r POWERCARE NORGE \u00e4r att t\u00e4cka uppdrag, s\u00e4kerst\u00e4lla goda processer och uppr\u00e4tth\u00e5lla solida relationer med v\u00e5ra vikarier, b\u00e5de etablerade och nya, samt v\u00e5ra kunder.<\/p>\n<\/div><div class=\"fusion-text fusion-text-3\"><h2>Kvalitet \u00e4r min drivkraft<\/h2>\n<p>Jag drivs av en \u00f6nskan att leverera h\u00f6g kvalitet och bidra med n\u00e4ra och professionell uppf\u00f6ljning. Jag motiveras av att s\u00e4kerst\u00e4lla ordnade processer och tillitsbaserade relationer.<\/p>\n<\/div><\/div><\/div><div class=\"fusion-layout-column fusion_builder_column fusion-builder-column-1 fusion_builder_column_3_5 3_5 fusion-flex-column fusion-column-no-min-height\" style=\"--awb-bg-blend:overlay;--awb-bg-size:cover;--awb-width-large:60%;--awb-margin-top-large:0px;--awb-spacing-right-large:2.1333333333333%;--awb-margin-bottom-large:0px;--awb-spacing-left-large:3.2%;--awb-width-medium:66.666666666667%;--awb-spacing-right-medium:1.92%;--awb-spacing-left-medium:2.88%;--awb-width-small:100%;--awb-spacing-right-small:1.92%;--awb-spacing-left-small:1.92%;\"><div class=\"fusion-column-wrapper fusion-flex-justify-content-flex-start fusion-content-layout-column\"><\/div><\/div><\/div><\/div>\n","protected":false},"excerpt":{"rendered":"","protected":false},"author":1,"featured_media":1686,"parent":0,"menu_order":0,"comment_status":"closed","ping_status":"closed","template":"100-width.php","meta":{"_acf_changed":false,"footnotes":""},"class_list":["post-1682","page","type-page","status-publish","has-post-thumbnail","hentry"],"acf":[],"yoast_head":"<!-- This site is optimized with the Yoast SEO plugin v27.2 - https:\/\/yoast.com\/product\/yoast-seo-wordpress\/ -->\n<title>Gina Myhrer - Powercare<\/title>\n<meta name=\"robots\" content=\"index, follow, max-snippet:-1, max-image-preview:large, max-video-preview:-1\" \/>\n<link rel=\"canonical\" href=\"https:\/\/powercare.no\/sv\/gina-myhrer\/\" \/>\n<meta property=\"og:locale\" content=\"sv_SE\" \/>\n<meta property=\"og:type\" content=\"article\" \/>\n<meta property=\"og:title\" content=\"Gina Myhrer - Powercare\" \/>\n<meta property=\"og:url\" content=\"https:\/\/powercare.no\/sv\/gina-myhrer\/\" \/>\n<meta property=\"og:site_name\" content=\"Powercare\" \/>\n<meta property=\"article:publisher\" content=\"https:\/\/www.facebook.com\/powercare.dk\/\" \/>\n<meta property=\"article:modified_time\" content=\"2025-11-11T07:20:31+00:00\" \/>\n<meta property=\"og:image\" content=\"https:\/\/powercare.no\/wp-content\/uploads\/2025\/07\/Gina-top.webp\" \/>\n\t<meta property=\"og:image:width\" content=\"2000\" \/>\n\t<meta property=\"og:image:height\" content=\"981\" \/>\n\t<meta property=\"og:image:type\" content=\"image\/webp\" \/>\n<meta name=\"twitter:card\" content=\"summary_large_image\" \/>\n<meta name=\"twitter:label1\" content=\"Ber\u00e4knad l\u00e4stid\" \/>\n\t<meta name=\"twitter:data1\" content=\"2 minuter\" \/>\n<script type=\"application\/ld+json\" class=\"yoast-schema-graph\">{\"@context\":\"https:\/\/schema.org\",\"@graph\":[{\"@type\":\"WebPage\",\"@id\":\"https:\/\/powercare.no\/sv\/gina-myhrer\/\",\"url\":\"https:\/\/powercare.no\/sv\/gina-myhrer\/\",\"name\":\"Gina Myhrer - Powercare\",\"isPartOf\":{\"@id\":\"https:\/\/powercare.no\/sv\/#website\"},\"primaryImageOfPage\":{\"@id\":\"https:\/\/powercare.no\/sv\/gina-myhrer\/#primaryimage\"},\"image\":{\"@id\":\"https:\/\/powercare.no\/sv\/gina-myhrer\/#primaryimage\"},\"thumbnailUrl\":\"https:\/\/powercare.no\/wp-content\/uploads\/2025\/07\/Gina-top.webp\",\"datePublished\":\"2025-06-18T07:08:26+00:00\",\"dateModified\":\"2025-11-11T07:20:31+00:00\",\"breadcrumb\":{\"@id\":\"https:\/\/powercare.no\/sv\/gina-myhrer\/#breadcrumb\"},\"inLanguage\":\"sv-SE\",\"potentialAction\":[{\"@type\":\"ReadAction\",\"target\":[\"https:\/\/powercare.no\/sv\/gina-myhrer\/\"]}]},{\"@type\":\"ImageObject\",\"inLanguage\":\"sv-SE\",\"@id\":\"https:\/\/powercare.no\/sv\/gina-myhrer\/#primaryimage\",\"url\":\"https:\/\/powercare.no\/wp-content\/uploads\/2025\/07\/Gina-top.webp\",\"contentUrl\":\"https:\/\/powercare.no\/wp-content\/uploads\/2025\/07\/Gina-top.webp\",\"width\":2000,\"height\":981,\"caption\":\"Gina\"},{\"@type\":\"BreadcrumbList\",\"@id\":\"https:\/\/powercare.no\/sv\/gina-myhrer\/#breadcrumb\",\"itemListElement\":[{\"@type\":\"ListItem\",\"position\":1,\"name\":\"Hjem\",\"item\":\"https:\/\/powercare.no\/sv\/powercare\/\"},{\"@type\":\"ListItem\",\"position\":2,\"name\":\"Gina Myhrer\"}]},{\"@type\":\"WebSite\",\"@id\":\"https:\/\/powercare.no\/sv\/#website\",\"url\":\"https:\/\/powercare.no\/sv\/\",\"name\":\"Powercare\",\"description\":\"\",\"publisher\":{\"@id\":\"https:\/\/powercare.no\/sv\/#organization\"},\"potentialAction\":[{\"@type\":\"SearchAction\",\"target\":{\"@type\":\"EntryPoint\",\"urlTemplate\":\"https:\/\/powercare.no\/sv\/?s={search_term_string}\"},\"query-input\":{\"@type\":\"PropertyValueSpecification\",\"valueRequired\":true,\"valueName\":\"search_term_string\"}}],\"inLanguage\":\"sv-SE\"},{\"@type\":\"Organization\",\"@id\":\"https:\/\/powercare.no\/sv\/#organization\",\"name\":\"Powercare\",\"url\":\"https:\/\/powercare.no\/sv\/\",\"logo\":{\"@type\":\"ImageObject\",\"inLanguage\":\"sv-SE\",\"@id\":\"https:\/\/powercare.no\/sv\/#\/schema\/logo\/image\/\",\"url\":\"https:\/\/powercare.no\/wp-content\/uploads\/2025\/06\/PowerCare-25.webp\",\"contentUrl\":\"https:\/\/powercare.no\/wp-content\/uploads\/2025\/06\/PowerCare-25.webp\",\"width\":400,\"height\":400,\"caption\":\"Powercare\"},\"image\":{\"@id\":\"https:\/\/powercare.no\/sv\/#\/schema\/logo\/image\/\"},\"sameAs\":[\"https:\/\/www.facebook.com\/powercare.dk\/\",\"https:\/\/www.instagram.com\/powercare.dk\/\",\"https:\/\/www.linkedin.com\/company\/powercare-a-s\/\"]}]}<\/script>\n<!-- \/ Yoast SEO plugin. -->","yoast_head_json":{"title":"Gina Myhrer - Powercare","robots":{"index":"index","follow":"follow","max-snippet":"max-snippet:-1","max-image-preview":"max-image-preview:large","max-video-preview":"max-video-preview:-1"},"canonical":"https:\/\/powercare.no\/sv\/gina-myhrer\/","og_locale":"sv_SE","og_type":"article","og_title":"Gina Myhrer - Powercare","og_url":"https:\/\/powercare.no\/sv\/gina-myhrer\/","og_site_name":"Powercare","article_publisher":"https:\/\/www.facebook.com\/powercare.dk\/","article_modified_time":"2025-11-11T07:20:31+00:00","og_image":[{"width":2000,"height":981,"url":"https:\/\/powercare.no\/wp-content\/uploads\/2025\/07\/Gina-top.webp","type":"image\/webp"}],"twitter_card":"summary_large_image","twitter_misc":{"Ber\u00e4knad l\u00e4stid":"2 minuter"},"schema":{"@context":"https:\/\/schema.org","@graph":[{"@type":"WebPage","@id":"https:\/\/powercare.no\/sv\/gina-myhrer\/","url":"https:\/\/powercare.no\/sv\/gina-myhrer\/","name":"Gina Myhrer - Powercare","isPartOf":{"@id":"https:\/\/powercare.no\/sv\/#website"},"primaryImageOfPage":{"@id":"https:\/\/powercare.no\/sv\/gina-myhrer\/#primaryimage"},"image":{"@id":"https:\/\/powercare.no\/sv\/gina-myhrer\/#primaryimage"},"thumbnailUrl":"https:\/\/powercare.no\/wp-content\/uploads\/2025\/07\/Gina-top.webp","datePublished":"2025-06-18T07:08:26+00:00","dateModified":"2025-11-11T07:20:31+00:00","breadcrumb":{"@id":"https:\/\/powercare.no\/sv\/gina-myhrer\/#breadcrumb"},"inLanguage":"sv-SE","potentialAction":[{"@type":"ReadAction","target":["https:\/\/powercare.no\/sv\/gina-myhrer\/"]}]},{"@type":"ImageObject","inLanguage":"sv-SE","@id":"https:\/\/powercare.no\/sv\/gina-myhrer\/#primaryimage","url":"https:\/\/powercare.no\/wp-content\/uploads\/2025\/07\/Gina-top.webp","contentUrl":"https:\/\/powercare.no\/wp-content\/uploads\/2025\/07\/Gina-top.webp","width":2000,"height":981,"caption":"Gina"},{"@type":"BreadcrumbList","@id":"https:\/\/powercare.no\/sv\/gina-myhrer\/#breadcrumb","itemListElement":[{"@type":"ListItem","position":1,"name":"Hjem","item":"https:\/\/powercare.no\/sv\/powercare\/"},{"@type":"ListItem","position":2,"name":"Gina Myhrer"}]},{"@type":"WebSite","@id":"https:\/\/powercare.no\/sv\/#website","url":"https:\/\/powercare.no\/sv\/","name":"Powercare","description":"","publisher":{"@id":"https:\/\/powercare.no\/sv\/#organization"},"potentialAction":[{"@type":"SearchAction","target":{"@type":"EntryPoint","urlTemplate":"https:\/\/powercare.no\/sv\/?s={search_term_string}"},"query-input":{"@type":"PropertyValueSpecification","valueRequired":true,"valueName":"search_term_string"}}],"inLanguage":"sv-SE"},{"@type":"Organization","@id":"https:\/\/powercare.no\/sv\/#organization","name":"Powercare","url":"https:\/\/powercare.no\/sv\/","logo":{"@type":"ImageObject","inLanguage":"sv-SE","@id":"https:\/\/powercare.no\/sv\/#\/schema\/logo\/image\/","url":"https:\/\/powercare.no\/wp-content\/uploads\/2025\/06\/PowerCare-25.webp","contentUrl":"https:\/\/powercare.no\/wp-content\/uploads\/2025\/06\/PowerCare-25.webp","width":400,"height":400,"caption":"Powercare"},"image":{"@id":"https:\/\/powercare.no\/sv\/#\/schema\/logo\/image\/"},"sameAs":["https:\/\/www.facebook.com\/powercare.dk\/","https:\/\/www.instagram.com\/powercare.dk\/","https:\/\/www.linkedin.com\/company\/powercare-a-s\/"]}]}},"_links":{"self":[{"href":"https:\/\/powercare.no\/sv\/wp-json\/wp\/v2\/pages\/1682","targetHints":{"allow":["GET"]}}],"collection":[{"href":"https:\/\/powercare.no\/sv\/wp-json\/wp\/v2\/pages"}],"about":[{"href":"https:\/\/powercare.no\/sv\/wp-json\/wp\/v2\/types\/page"}],"author":[{"embeddable":true,"href":"https:\/\/powercare.no\/sv\/wp-json\/wp\/v2\/users\/1"}],"replies":[{"embeddable":true,"href":"https:\/\/powercare.no\/sv\/wp-json\/wp\/v2\/comments?post=1682"}],"version-history":[{"count":10,"href":"https:\/\/powercare.no\/sv\/wp-json\/wp\/v2\/pages\/1682\/revisions"}],"predecessor-version":[{"id":2441,"href":"https:\/\/powercare.no\/sv\/wp-json\/wp\/v2\/pages\/1682\/revisions\/2441"}],"wp:featuredmedia":[{"embeddable":true,"href":"https:\/\/powercare.no\/sv\/wp-json\/wp\/v2\/media\/1686"}],"wp:attachment":[{"href":"https:\/\/powercare.no\/sv\/wp-json\/wp\/v2\/media?parent=1682"}],"curies":[{"name":"wp","href":"https:\/\/api.w.org\/{rel}","templated":true}]}}