{"id":1774,"date":"2025-07-08T13:32:43","date_gmt":"2025-07-08T11:32:43","guid":{"rendered":"https:\/\/powercare.no\/sarah-pedersen\/"},"modified":"2025-11-11T08:27:18","modified_gmt":"2025-11-11T07:27:18","slug":"sarah-pedersen","status":"publish","type":"page","link":"https:\/\/powercare.no\/sv\/sarah-pedersen\/","title":{"rendered":"Sarah Pedersen"},"content":{"rendered":"<div class=\"fusion-fullwidth fullwidth-box fusion-builder-row-1 fusion-flex-container nonhundred-percent-fullwidth non-hundred-percent-height-scrolling\" style=\"--awb-background-position:left top;--awb-border-sizes-top:0px;--awb-border-sizes-bottom:0px;--awb-border-sizes-left:0px;--awb-border-sizes-right:0px;--awb-border-radius-top-left:0px;--awb-border-radius-top-right:0px;--awb-border-radius-bottom-right:0px;--awb-border-radius-bottom-left:0px;--awb-padding-top:90px;--awb-padding-bottom:90px;--awb-padding-top-medium:60px;--awb-padding-bottom-medium:60px;--awb-margin-bottom-medium:0px;--awb-margin-bottom-small:0px;--awb-background-color:var(--awb-color1);--awb-flex-wrap:wrap;\" ><div class=\"fusion-builder-row fusion-row fusion-flex-align-items-center fusion-flex-justify-content-center fusion-flex-content-wrap\" style=\"max-width:1248px;margin-left: calc(-4% \/ 2 );margin-right: calc(-4% \/ 2 );\"><div class=\"fusion-layout-column fusion_builder_column fusion-builder-column-0 fusion_builder_column_3_4 3_4 fusion-flex-column fusion-flex-align-self-flex-start fusion-column-no-min-height\" style=\"--awb-bg-blend:overlay;--awb-bg-size:cover;--awb-width-large:75%;--awb-margin-top-large:0px;--awb-spacing-right-large:2.56%;--awb-margin-bottom-large:0px;--awb-spacing-left-large:2.56%;--awb-width-medium:80%;--awb-spacing-right-medium:2.4%;--awb-spacing-left-medium:2.4%;--awb-width-small:100%;--awb-spacing-right-small:1.92%;--awb-spacing-left-small:1.92%;\"><div class=\"fusion-column-wrapper fusion-flex-justify-content-flex-start fusion-content-layout-column\"><div class=\"fusion-text fusion-text-1\"><h2 class=\"\" style=\"--fontsize: 40; line-height: 1.2;\" data-fontsize=\"40\" data-lineheight=\"48px\">Erfarenhet fr\u00e5n pediatriken har l\u00e4rt mig hur jag kan hantera h\u00f6gt tempo p\u00e5 POWERCARE<\/h2>\n<p><span style=\"background-color: rgba(0, 0, 0, 0);\">Som utbildad sjuksk\u00f6terska med erfarenhet fr\u00e5n akutpediatri vet jag hur mycket som st\u00e5r p\u00e5 spel <\/span><span style=\"background-color: rgba(0, 0, 0, 0);\">n\u00e4r h\u00e4lso- och sjukv\u00e5rdshj\u00e4lp m\u00e5ste ges snabbt, exakt och med h\u00f6g kvalitet. Genom mina 5 \u00e5r p\u00e5 <\/span><span style=\"background-color: rgba(0, 0, 0, 0);\">POWERCARE har jag varit en del av en resa d\u00e4r just detta st\u00e5r i centrum: att leverera<\/span> <span style=\"background-color: rgba(0, 0, 0, 0);\">de b\u00e4sta kompetenserna till b\u00e5de sm\u00e5 och stora uppdrag, i hela Norden.<\/span><\/p>\n<h3 class=\"fusion-responsive-typography-calculated\" style=\"--fontsize: 34; line-height: 1.2;\" data-fontsize=\"34\" data-lineheight=\"40.8px\">The Perfect Match<\/h3>\n<p>POWERCARE st\u00e5r f\u00f6r kompromissl\u00f6s kvalitet. Kvaliteten ska m\u00e4rkas \u00e4nda ute p\u00e5 <span style=\"background-color: rgba(0, 0, 0, 0);\">avdelningarna och hos patienterna som f\u00e5r v\u00e5rd och behandling fr\u00e5n v\u00e5r duktiga<\/span> <span style=\"background-color: rgba(0, 0, 0, 0);\">h\u00e4lso- och sjukv\u00e5rdsbemanning. Just h\u00e4r k\u00e4nner jag att vi kan g\u00f6ra stor skillnad och har ett stort <\/span><span style=\"background-color: rgba(0, 0, 0, 0);\">ansvar f\u00f6r <i>the perfect match<\/i>. F\u00f6r mig \u00e4r det detta som ger bemanningsarbetet mening \u2013 <\/span><span style=\"background-color: rgba(0, 0, 0, 0);\">att v\u00e4lja ut de b\u00e4sta vikarierna till varje avdelning p\u00e5 alla sjukhus.<\/span><\/p>\n<p>Jag \u00e4r mycket m\u00e5linriktad i mitt arbete och har en stark drivkraft att leverera h\u00f6g service, snabb <span style=\"background-color: rgba(0, 0, 0, 0);\">respons och tydlig kommunikation. Det \u00e4r avg\u00f6rande att v\u00e5ra kunder k\u00e4nner sig trygga med <\/span><span style=\"background-color: rgba(0, 0, 0, 0);\">att POWERCARE l\u00f6ser deras bemanningsutmaningar \u2013 s\u00e4rskilt i situationer d\u00e4r alla <\/span><span style=\"background-color: rgba(0, 0, 0, 0);\">andra m\u00f6jligheter har pr\u00f6vats. Vi ska vara de man ringer till n\u00e4r man beh\u00f6ver h\u00f6g kvalitet <\/span><span style=\"background-color: rgba(0, 0, 0, 0);\">och p\u00e5litlighet \u2013 snabbt!<\/span><\/p>\n<\/div><div class=\"fusion-builder-row fusion-builder-row-inner fusion-row fusion-flex-align-items-center fusion-flex-justify-content-center fusion-flex-content-wrap\" style=\"--awb-flex-grow:0;--awb-flex-grow-medium:0;--awb-flex-grow-small:0;--awb-flex-shrink:0;--awb-flex-shrink-medium:0;--awb-flex-shrink-small:0;width:104% !important;max-width:104% !important;margin-left: calc(-4% \/ 2 );margin-right: calc(-4% \/ 2 );\"><div class=\"fusion-layout-column fusion_builder_column_inner fusion-builder-nested-column-0 fusion_builder_column_inner_1_2 1_2 fusion-flex-column fusion-flex-align-self-center\" style=\"--awb-bg-size:cover;--awb-width-large:50%;--awb-margin-top-large:0px;--awb-spacing-right-large:3.84%;--awb-margin-bottom-large:20px;--awb-spacing-left-large:3.84%;--awb-width-medium:50%;--awb-order-medium:0;--awb-spacing-right-medium:3.84%;--awb-spacing-left-medium:3.84%;--awb-width-small:100%;--awb-order-small:0;--awb-spacing-right-small:1.92%;--awb-spacing-left-small:1.92%;\"><div class=\"fusion-column-wrapper fusion-column-has-shadow fusion-flex-justify-content-flex-start fusion-content-layout-column\"><div class=\"fusion-image-element \" style=\"--awb-caption-title-font-family:var(--h2_typography-font-family);--awb-caption-title-font-weight:var(--h2_typography-font-weight);--awb-caption-title-font-style:var(--h2_typography-font-style);--awb-caption-title-size:var(--h2_typography-font-size);--awb-caption-title-transform:var(--h2_typography-text-transform);--awb-caption-title-line-height:var(--h2_typography-line-height);--awb-caption-title-letter-spacing:var(--h2_typography-letter-spacing);\"><span class=\" fusion-imageframe imageframe-none imageframe-1 hover-type-none fusion-animated\" data-animationType=\"fadeInLeft\" data-animationDuration=\"0.5\" data-animationOffset=\"top-into-view\"><img decoding=\"async\" width=\"1200\" height=\"1050\" alt=\"Sjuksk\u00f6terskor\" title=\"Sjuksk\u00f6terskor\" src=\"https:\/\/powercare.no\/wp-content\/uploads\/2025\/06\/Sykepleiere-2.webp\" class=\"img-responsive wp-image-1775\" srcset=\"https:\/\/powercare.no\/wp-content\/uploads\/2025\/06\/Sykepleiere-2-200x175.webp 200w, https:\/\/powercare.no\/wp-content\/uploads\/2025\/06\/Sykepleiere-2-400x350.webp 400w, https:\/\/powercare.no\/wp-content\/uploads\/2025\/06\/Sykepleiere-2-600x525.webp 600w, https:\/\/powercare.no\/wp-content\/uploads\/2025\/06\/Sykepleiere-2-800x700.webp 800w, https:\/\/powercare.no\/wp-content\/uploads\/2025\/06\/Sykepleiere-2.webp 1200w\" sizes=\"(max-width: 640px) 100vw, 600px\" \/><\/span><\/div><\/div><\/div><div class=\"fusion-layout-column fusion_builder_column_inner fusion-builder-nested-column-1 fusion_builder_column_inner_1_2 1_2 fusion-flex-column\" style=\"--awb-bg-size:cover;--awb-width-large:50%;--awb-margin-top-large:0px;--awb-spacing-right-large:3.84%;--awb-margin-bottom-large:20px;--awb-spacing-left-large:3.84%;--awb-width-medium:50%;--awb-order-medium:0;--awb-spacing-right-medium:3.84%;--awb-spacing-left-medium:3.84%;--awb-width-small:100%;--awb-order-small:0;--awb-spacing-right-small:1.92%;--awb-spacing-left-small:1.92%;\"><div class=\"fusion-column-wrapper fusion-column-has-shadow fusion-flex-justify-content-flex-start fusion-content-layout-column\"><div class=\"fusion-image-element \" style=\"--awb-caption-title-font-family:var(--h2_typography-font-family);--awb-caption-title-font-weight:var(--h2_typography-font-weight);--awb-caption-title-font-style:var(--h2_typography-font-style);--awb-caption-title-size:var(--h2_typography-font-size);--awb-caption-title-transform:var(--h2_typography-text-transform);--awb-caption-title-line-height:var(--h2_typography-line-height);--awb-caption-title-letter-spacing:var(--h2_typography-letter-spacing);\"><span class=\" fusion-imageframe imageframe-none imageframe-2 hover-type-none fusion-animated\" data-animationType=\"fadeInLeft\" data-animationDuration=\"0.5\" data-animationDelay=\"0.5\" data-animationOffset=\"top-into-view\"><img decoding=\"async\" width=\"1200\" height=\"1050\" alt=\"Specialistl\u00e4kare\" title=\"Specialistl\u00e4kare\" src=\"https:\/\/powercare.no\/wp-content\/uploads\/2025\/06\/Speciallaege.webp\" class=\"img-responsive wp-image-1776\" srcset=\"https:\/\/powercare.no\/wp-content\/uploads\/2025\/06\/Speciallaege-200x175.webp 200w, https:\/\/powercare.no\/wp-content\/uploads\/2025\/06\/Speciallaege-400x350.webp 400w, https:\/\/powercare.no\/wp-content\/uploads\/2025\/06\/Speciallaege-600x525.webp 600w, https:\/\/powercare.no\/wp-content\/uploads\/2025\/06\/Speciallaege-800x700.webp 800w, https:\/\/powercare.no\/wp-content\/uploads\/2025\/06\/Speciallaege.webp 1200w\" sizes=\"(max-width: 640px) 100vw, 600px\" \/><\/span><\/div><\/div><\/div><\/div><div class=\"fusion-text fusion-text-2\"><h3 class=\"fusion-responsive-typography-calculated\" style=\"--fontsize: 34; line-height: 1.2;\" data-fontsize=\"34\" data-lineheight=\"40.8px\"><span style=\"background-color: rgba(0, 0, 0, 0);\">Min professionella bakgrund f\u00f6rst\u00e4rks av en stark f\u00f6rst\u00e5else f\u00f6r aff\u00e4rer och drift<\/span><\/h3>\n<p><span style=\"background-color: rgba(0, 0, 0, 0);\">Min bakgrund som sjuksk\u00f6terska har gett mig v\u00e4rdefull erfarenhet av b\u00e5de det professionella och det <\/span><span style=\"background-color: rgba(0, 0, 0, 0);\">praktiska arbetet inom h\u00e4lso- och sjukv\u00e5rden. Det g\u00f6r att jag kan m\u00f6ta b\u00e5de kunder och vikarier med <\/span><span style=\"background-color: rgba(0, 0, 0, 0);\">insikt och respekt. Jag vet hur viktigt det \u00e4r att ha r\u00e4tt kompetens p\u00e5 r\u00e4tt plats \u2013 och vad <\/span><span style=\"background-color: rgba(0, 0, 0, 0);\">som kr\u00e4vs f\u00f6r att leverera h\u00e4lso- och sjukv\u00e5rdstj\u00e4nster med h\u00f6g kvalitet.<\/span><\/p>\n<p>Varje dag blir jag motiverad av att vara en del av en verksamhet <span style=\"background-color: rgba(0, 0, 0, 0);\">som prioriterar b\u00e5de professionell kompetens och m\u00e4nskliga v\u00e4rderingar.<\/span> <span style=\"background-color: rgba(0, 0, 0, 0);\">Jag \u00e4r stolt \u00f6ver att vara med och utveckla POWERCARE och bidra<\/span> <span style=\"background-color: rgba(0, 0, 0, 0);\">till att vi levererar de allra b\u00e4sta l\u00f6sningarna till den nordiska h\u00e4lso- och sjukv\u00e5rden.<\/span><\/p>\n<\/div><\/div><\/div><\/div><\/div>\n","protected":false},"excerpt":{"rendered":"","protected":false},"author":1,"featured_media":1777,"parent":0,"menu_order":0,"comment_status":"closed","ping_status":"closed","template":"100-width.php","meta":{"_acf_changed":false,"footnotes":""},"class_list":["post-1774","page","type-page","status-publish","has-post-thumbnail","hentry"],"acf":[],"yoast_head":"<!-- This site is optimized with the Yoast SEO plugin v27.5 - https:\/\/yoast.com\/product\/yoast-seo-wordpress\/ -->\n<title>Sarah Pedersen - Powercare<\/title>\n<meta name=\"robots\" content=\"index, follow, max-snippet:-1, max-image-preview:large, max-video-preview:-1\" \/>\n<link rel=\"canonical\" href=\"https:\/\/powercare.no\/sv\/sarah-pedersen\/\" \/>\n<meta property=\"og:locale\" content=\"sv_SE\" \/>\n<meta property=\"og:type\" content=\"article\" \/>\n<meta property=\"og:title\" content=\"Sarah Pedersen - Powercare\" \/>\n<meta property=\"og:url\" content=\"https:\/\/powercare.no\/sv\/sarah-pedersen\/\" \/>\n<meta property=\"og:site_name\" content=\"Powercare\" \/>\n<meta property=\"article:publisher\" content=\"https:\/\/www.facebook.com\/powercare.dk\/\" \/>\n<meta property=\"article:modified_time\" content=\"2025-11-11T07:27:18+00:00\" \/>\n<meta property=\"og:image\" content=\"https:\/\/powercare.no\/wp-content\/uploads\/2025\/07\/Sarah-top.webp\" \/>\n\t<meta property=\"og:image:width\" content=\"2000\" \/>\n\t<meta property=\"og:image:height\" content=\"981\" \/>\n\t<meta property=\"og:image:type\" content=\"image\/webp\" \/>\n<meta name=\"twitter:card\" content=\"summary_large_image\" \/>\n<meta name=\"twitter:label1\" content=\"Ber\u00e4knad l\u00e4stid\" \/>\n\t<meta name=\"twitter:data1\" content=\"7 minuter\" \/>\n<script type=\"application\/ld+json\" class=\"yoast-schema-graph\">{\"@context\":\"https:\\\/\\\/schema.org\",\"@graph\":[{\"@type\":\"WebPage\",\"@id\":\"https:\\\/\\\/powercare.no\\\/sv\\\/sarah-pedersen\\\/\",\"url\":\"https:\\\/\\\/powercare.no\\\/sv\\\/sarah-pedersen\\\/\",\"name\":\"Sarah Pedersen - Powercare\",\"isPartOf\":{\"@id\":\"https:\\\/\\\/powercare.no\\\/sv\\\/#website\"},\"primaryImageOfPage\":{\"@id\":\"https:\\\/\\\/powercare.no\\\/sv\\\/sarah-pedersen\\\/#primaryimage\"},\"image\":{\"@id\":\"https:\\\/\\\/powercare.no\\\/sv\\\/sarah-pedersen\\\/#primaryimage\"},\"thumbnailUrl\":\"https:\\\/\\\/powercare.no\\\/wp-content\\\/uploads\\\/2025\\\/07\\\/Sarah-top.webp\",\"datePublished\":\"2025-07-08T11:32:43+00:00\",\"dateModified\":\"2025-11-11T07:27:18+00:00\",\"breadcrumb\":{\"@id\":\"https:\\\/\\\/powercare.no\\\/sv\\\/sarah-pedersen\\\/#breadcrumb\"},\"inLanguage\":\"sv-SE\",\"potentialAction\":[{\"@type\":\"ReadAction\",\"target\":[\"https:\\\/\\\/powercare.no\\\/sv\\\/sarah-pedersen\\\/\"]}]},{\"@type\":\"ImageObject\",\"inLanguage\":\"sv-SE\",\"@id\":\"https:\\\/\\\/powercare.no\\\/sv\\\/sarah-pedersen\\\/#primaryimage\",\"url\":\"https:\\\/\\\/powercare.no\\\/wp-content\\\/uploads\\\/2025\\\/07\\\/Sarah-top.webp\",\"contentUrl\":\"https:\\\/\\\/powercare.no\\\/wp-content\\\/uploads\\\/2025\\\/07\\\/Sarah-top.webp\",\"width\":2000,\"height\":981,\"caption\":\"Sarah\"},{\"@type\":\"BreadcrumbList\",\"@id\":\"https:\\\/\\\/powercare.no\\\/sv\\\/sarah-pedersen\\\/#breadcrumb\",\"itemListElement\":[{\"@type\":\"ListItem\",\"position\":1,\"name\":\"Hjem\",\"item\":\"https:\\\/\\\/powercare.no\\\/sv\\\/powercare\\\/\"},{\"@type\":\"ListItem\",\"position\":2,\"name\":\"Sarah Pedersen\"}]},{\"@type\":\"WebSite\",\"@id\":\"https:\\\/\\\/powercare.no\\\/sv\\\/#website\",\"url\":\"https:\\\/\\\/powercare.no\\\/sv\\\/\",\"name\":\"Powercare\",\"description\":\"\",\"publisher\":{\"@id\":\"https:\\\/\\\/powercare.no\\\/sv\\\/#organization\"},\"potentialAction\":[{\"@type\":\"SearchAction\",\"target\":{\"@type\":\"EntryPoint\",\"urlTemplate\":\"https:\\\/\\\/powercare.no\\\/sv\\\/?s={search_term_string}\"},\"query-input\":{\"@type\":\"PropertyValueSpecification\",\"valueRequired\":true,\"valueName\":\"search_term_string\"}}],\"inLanguage\":\"sv-SE\"},{\"@type\":\"Organization\",\"@id\":\"https:\\\/\\\/powercare.no\\\/sv\\\/#organization\",\"name\":\"Powercare\",\"url\":\"https:\\\/\\\/powercare.no\\\/sv\\\/\",\"logo\":{\"@type\":\"ImageObject\",\"inLanguage\":\"sv-SE\",\"@id\":\"https:\\\/\\\/powercare.no\\\/sv\\\/#\\\/schema\\\/logo\\\/image\\\/\",\"url\":\"https:\\\/\\\/powercare.no\\\/wp-content\\\/uploads\\\/2025\\\/06\\\/PowerCare-25.webp\",\"contentUrl\":\"https:\\\/\\\/powercare.no\\\/wp-content\\\/uploads\\\/2025\\\/06\\\/PowerCare-25.webp\",\"width\":400,\"height\":400,\"caption\":\"Powercare\"},\"image\":{\"@id\":\"https:\\\/\\\/powercare.no\\\/sv\\\/#\\\/schema\\\/logo\\\/image\\\/\"},\"sameAs\":[\"https:\\\/\\\/www.facebook.com\\\/powercare.dk\\\/\",\"https:\\\/\\\/www.instagram.com\\\/powercare.dk\\\/\",\"https:\\\/\\\/www.linkedin.com\\\/company\\\/powercare-a-s\\\/\"]}]}<\/script>\n<!-- \/ Yoast SEO plugin. -->","yoast_head_json":{"title":"Sarah Pedersen - Powercare","robots":{"index":"index","follow":"follow","max-snippet":"max-snippet:-1","max-image-preview":"max-image-preview:large","max-video-preview":"max-video-preview:-1"},"canonical":"https:\/\/powercare.no\/sv\/sarah-pedersen\/","og_locale":"sv_SE","og_type":"article","og_title":"Sarah Pedersen - Powercare","og_url":"https:\/\/powercare.no\/sv\/sarah-pedersen\/","og_site_name":"Powercare","article_publisher":"https:\/\/www.facebook.com\/powercare.dk\/","article_modified_time":"2025-11-11T07:27:18+00:00","og_image":[{"width":2000,"height":981,"url":"https:\/\/powercare.no\/wp-content\/uploads\/2025\/07\/Sarah-top.webp","type":"image\/webp"}],"twitter_card":"summary_large_image","twitter_misc":{"Ber\u00e4knad l\u00e4stid":"7 minuter"},"schema":{"@context":"https:\/\/schema.org","@graph":[{"@type":"WebPage","@id":"https:\/\/powercare.no\/sv\/sarah-pedersen\/","url":"https:\/\/powercare.no\/sv\/sarah-pedersen\/","name":"Sarah Pedersen - Powercare","isPartOf":{"@id":"https:\/\/powercare.no\/sv\/#website"},"primaryImageOfPage":{"@id":"https:\/\/powercare.no\/sv\/sarah-pedersen\/#primaryimage"},"image":{"@id":"https:\/\/powercare.no\/sv\/sarah-pedersen\/#primaryimage"},"thumbnailUrl":"https:\/\/powercare.no\/wp-content\/uploads\/2025\/07\/Sarah-top.webp","datePublished":"2025-07-08T11:32:43+00:00","dateModified":"2025-11-11T07:27:18+00:00","breadcrumb":{"@id":"https:\/\/powercare.no\/sv\/sarah-pedersen\/#breadcrumb"},"inLanguage":"sv-SE","potentialAction":[{"@type":"ReadAction","target":["https:\/\/powercare.no\/sv\/sarah-pedersen\/"]}]},{"@type":"ImageObject","inLanguage":"sv-SE","@id":"https:\/\/powercare.no\/sv\/sarah-pedersen\/#primaryimage","url":"https:\/\/powercare.no\/wp-content\/uploads\/2025\/07\/Sarah-top.webp","contentUrl":"https:\/\/powercare.no\/wp-content\/uploads\/2025\/07\/Sarah-top.webp","width":2000,"height":981,"caption":"Sarah"},{"@type":"BreadcrumbList","@id":"https:\/\/powercare.no\/sv\/sarah-pedersen\/#breadcrumb","itemListElement":[{"@type":"ListItem","position":1,"name":"Hjem","item":"https:\/\/powercare.no\/sv\/powercare\/"},{"@type":"ListItem","position":2,"name":"Sarah Pedersen"}]},{"@type":"WebSite","@id":"https:\/\/powercare.no\/sv\/#website","url":"https:\/\/powercare.no\/sv\/","name":"Powercare","description":"","publisher":{"@id":"https:\/\/powercare.no\/sv\/#organization"},"potentialAction":[{"@type":"SearchAction","target":{"@type":"EntryPoint","urlTemplate":"https:\/\/powercare.no\/sv\/?s={search_term_string}"},"query-input":{"@type":"PropertyValueSpecification","valueRequired":true,"valueName":"search_term_string"}}],"inLanguage":"sv-SE"},{"@type":"Organization","@id":"https:\/\/powercare.no\/sv\/#organization","name":"Powercare","url":"https:\/\/powercare.no\/sv\/","logo":{"@type":"ImageObject","inLanguage":"sv-SE","@id":"https:\/\/powercare.no\/sv\/#\/schema\/logo\/image\/","url":"https:\/\/powercare.no\/wp-content\/uploads\/2025\/06\/PowerCare-25.webp","contentUrl":"https:\/\/powercare.no\/wp-content\/uploads\/2025\/06\/PowerCare-25.webp","width":400,"height":400,"caption":"Powercare"},"image":{"@id":"https:\/\/powercare.no\/sv\/#\/schema\/logo\/image\/"},"sameAs":["https:\/\/www.facebook.com\/powercare.dk\/","https:\/\/www.instagram.com\/powercare.dk\/","https:\/\/www.linkedin.com\/company\/powercare-a-s\/"]}]}},"_links":{"self":[{"href":"https:\/\/powercare.no\/sv\/wp-json\/wp\/v2\/pages\/1774","targetHints":{"allow":["GET"]}}],"collection":[{"href":"https:\/\/powercare.no\/sv\/wp-json\/wp\/v2\/pages"}],"about":[{"href":"https:\/\/powercare.no\/sv\/wp-json\/wp\/v2\/types\/page"}],"author":[{"embeddable":true,"href":"https:\/\/powercare.no\/sv\/wp-json\/wp\/v2\/users\/1"}],"replies":[{"embeddable":true,"href":"https:\/\/powercare.no\/sv\/wp-json\/wp\/v2\/comments?post=1774"}],"version-history":[{"count":17,"href":"https:\/\/powercare.no\/sv\/wp-json\/wp\/v2\/pages\/1774\/revisions"}],"predecessor-version":[{"id":2611,"href":"https:\/\/powercare.no\/sv\/wp-json\/wp\/v2\/pages\/1774\/revisions\/2611"}],"wp:featuredmedia":[{"embeddable":true,"href":"https:\/\/powercare.no\/sv\/wp-json\/wp\/v2\/media\/1777"}],"wp:attachment":[{"href":"https:\/\/powercare.no\/sv\/wp-json\/wp\/v2\/media?parent=1774"}],"curies":[{"name":"wp","href":"https:\/\/api.w.org\/{rel}","templated":true}]}}